{"id":1881,"date":"2021-12-29T13:40:02","date_gmt":"2021-12-29T16:40:02","guid":{"rendered":"https:\/\/www.brahmakumaris.org.br\/deus\/?page_id=1881"},"modified":"2021-12-29T14:49:27","modified_gmt":"2021-12-29T17:49:27","slug":"introducao","status":"publish","type":"page","link":"https:\/\/www.brahmakumaris.org.br\/deus\/introducao\/","title":{"rendered":"Introdu\u00e7\u00e3o"},"content":{"rendered":"\t\t<div data-elementor-type=\"wp-page\" data-elementor-id=\"1881\" class=\"elementor elementor-1881\" data-elementor-settings=\"[]\">\n\t\t\t\t\t\t\t<div class=\"elementor-section-wrap\">\n\t\t\t\t\t\t\t<header class=\"elementor-section elementor-top-section elementor-element elementor-element-7968cfa3 elementor-section-full_width elementor-section-height-min-height elementor-section-items-top elementor-section-content-middle she-header-yes she-header-hide-on-scroll-yes elementor-section-height-default\" data-id=\"7968cfa3\" data-element_type=\"section\" data-settings=\"{&quot;transparent&quot;:&quot;yes&quot;,&quot;scroll_distance_tablet&quot;:{&quot;unit&quot;:&quot;px&quot;,&quot;size&quot;:45,&quot;sizes&quot;:[]},&quot;scroll_distance_mobile&quot;:{&quot;unit&quot;:&quot;px&quot;,&quot;size&quot;:45,&quot;sizes&quot;:[]},&quot;hide_header&quot;:&quot;yes&quot;,&quot;animation&quot;:&quot;none&quot;,&quot;background_background&quot;:&quot;classic&quot;,&quot;_ha_eqh_enable&quot;:false,&quot;transparent_on&quot;:[&quot;desktop&quot;,&quot;tablet&quot;,&quot;mobile&quot;],&quot;scroll_distance&quot;:{&quot;unit&quot;:&quot;px&quot;,&quot;size&quot;:60,&quot;sizes&quot;:[]},&quot;scroll_distance_hide_header&quot;:{&quot;unit&quot;:&quot;px&quot;,&quot;size&quot;:500,&quot;sizes&quot;:[]},&quot;scroll_distance_hide_header_tablet&quot;:{&quot;unit&quot;:&quot;px&quot;,&quot;size&quot;:&quot;&quot;,&quot;sizes&quot;:[]},&quot;scroll_distance_hide_header_mobile&quot;:{&quot;unit&quot;:&quot;px&quot;,&quot;size&quot;:&quot;&quot;,&quot;sizes&quot;:[]}}\">\n\t\t\t\t\t\t<div class=\"elementor-container elementor-column-gap-no\">\n\t\t\t\t\t<div class=\"elementor-column elementor-col-50 elementor-top-column elementor-element elementor-element-7c177e7f\" data-id=\"7c177e7f\" data-element_type=\"column\" data-settings=\"{&quot;background_background&quot;:&quot;classic&quot;}\">\n\t\t\t<div class=\"elementor-widget-wrap elementor-element-populated\">\n\t\t\t\t\t\t\t\t<div class=\"elementor-element elementor-element-1c37ca99 elementor-hidden-phone elementor-widget elementor-widget-image\" data-id=\"1c37ca99\" data-element_type=\"widget\" data-settings=\"{&quot;ha_floating_fx&quot;:&quot;yes&quot;}\" data-widget_type=\"image.default\">\n\t\t\t\t<div class=\"elementor-widget-container\">\n\t\t\t\t\t\t\t\t\t\t\t\t\t\t\t\t<a href=\"https:\/\/www.brahmakumaris.org.br\/\">\n\t\t\t\t\t\t\t<img width=\"1060\" height=\"243\" src=\"https:\/\/www.brahmakumaris.org.br\/deus\/wp-content\/uploads\/2021\/07\/LOGO-BK-RGB-horizontal.png\" class=\"attachment-full size-full\" alt=\"\" loading=\"lazy\" srcset=\"https:\/\/www.brahmakumaris.org.br\/deus\/wp-content\/uploads\/2021\/07\/LOGO-BK-RGB-horizontal.png 1060w, https:\/\/www.brahmakumaris.org.br\/deus\/wp-content\/uploads\/2021\/07\/LOGO-BK-RGB-horizontal-300x69.png 300w, https:\/\/www.brahmakumaris.org.br\/deus\/wp-content\/uploads\/2021\/07\/LOGO-BK-RGB-horizontal-1024x235.png 1024w, https:\/\/www.brahmakumaris.org.br\/deus\/wp-content\/uploads\/2021\/07\/LOGO-BK-RGB-horizontal-768x176.png 768w\" sizes=\"(max-width: 1060px) 100vw, 1060px\" \/>\t\t\t\t\t\t\t\t<\/a>\n\t\t\t\t\t\t\t\t\t\t\t\t\t\t\t<\/div>\n\t\t\t\t<\/div>\n\t\t\t\t<div class=\"elementor-element elementor-element-7990ccc elementor-widget-mobile__width-auto elementor-absolute elementor-hidden-desktop elementor-hidden-tablet elementor-widget elementor-widget-image\" data-id=\"7990ccc\" data-element_type=\"widget\" data-settings=\"{&quot;ha_floating_fx&quot;:&quot;yes&quot;,&quot;_position&quot;:&quot;absolute&quot;}\" data-widget_type=\"image.default\">\n\t\t\t\t<div class=\"elementor-widget-container\">\n\t\t\t\t\t\t\t\t\t\t\t\t\t\t\t\t<a href=\"https:\/\/www.brahmakumaris.org.br\/\">\n\t\t\t\t\t\t\t<img src=\"https:\/\/www.brahmakumaris.org.br\/deus\/wp-content\/uploads\/elementor\/thumbs\/logo-bk-simbolo-qtkt58q1be2bm7teors7u6mdbk4heknn2qchhdey0w.png\" title=\"logo-bk-simbolo\" alt=\"logo-bk-simbolo\" \/>\t\t\t\t\t\t\t\t<\/a>\n\t\t\t\t\t\t\t\t\t\t\t\t\t\t\t<\/div>\n\t\t\t\t<\/div>\n\t\t\t\t\t<\/div>\n\t\t<\/div>\n\t\t\t\t<div class=\"elementor-column elementor-col-50 elementor-top-column elementor-element elementor-element-26e552c1\" data-id=\"26e552c1\" data-element_type=\"column\">\n\t\t\t<div class=\"elementor-widget-wrap elementor-element-populated\">\n\t\t\t\t\t\t\t\t<div class=\"elementor-element elementor-element-7483e1eb hfe-menu-item-flex-end elementor-absolute hfe-menu-item-flex-end hfe-submenu-icon-arrow hfe-link-redirect-child elementor-widget elementor-widget-navigation-menu\" data-id=\"7483e1eb\" data-element_type=\"widget\" data-settings=\"{&quot;hamburger_align&quot;:&quot;right&quot;,&quot;hamburger_menu_align&quot;:&quot;flex-end&quot;,&quot;ha_floating_fx&quot;:&quot;yes&quot;,&quot;_position&quot;:&quot;absolute&quot;,&quot;hamburger_align_mobile&quot;:&quot;right&quot;,&quot;hamburger_menu_align_mobile&quot;:&quot;flex-end&quot;,&quot;padding_horizontal_dropdown_item&quot;:{&quot;unit&quot;:&quot;px&quot;,&quot;size&quot;:10,&quot;sizes&quot;:[]},&quot;dropdown_border_radius&quot;:{&quot;unit&quot;:&quot;px&quot;,&quot;top&quot;:&quot;&quot;,&quot;right&quot;:&quot;&quot;,&quot;bottom&quot;:&quot;&quot;,&quot;left&quot;:&quot;&quot;,&quot;isLinked&quot;:true},&quot;dropdown_border_radius_tablet&quot;:{&quot;unit&quot;:&quot;px&quot;,&quot;top&quot;:&quot;&quot;,&quot;right&quot;:&quot;&quot;,&quot;bottom&quot;:&quot;&quot;,&quot;left&quot;:&quot;&quot;,&quot;isLinked&quot;:true},&quot;dropdown_border_radius_mobile&quot;:{&quot;unit&quot;:&quot;px&quot;,&quot;top&quot;:&quot;&quot;,&quot;right&quot;:&quot;&quot;,&quot;bottom&quot;:&quot;&quot;,&quot;left&quot;:&quot;&quot;,&quot;isLinked&quot;:true},&quot;padding_horizontal_dropdown_item_tablet&quot;:{&quot;unit&quot;:&quot;px&quot;,&quot;size&quot;:&quot;&quot;,&quot;sizes&quot;:[]},&quot;padding_horizontal_dropdown_item_mobile&quot;:{&quot;unit&quot;:&quot;px&quot;,&quot;size&quot;:&quot;&quot;,&quot;sizes&quot;:[]},&quot;padding_vertical_dropdown_item&quot;:{&quot;unit&quot;:&quot;px&quot;,&quot;size&quot;:15,&quot;sizes&quot;:[]},&quot;padding_vertical_dropdown_item_tablet&quot;:{&quot;unit&quot;:&quot;px&quot;,&quot;size&quot;:&quot;&quot;,&quot;sizes&quot;:[]},&quot;padding_vertical_dropdown_item_mobile&quot;:{&quot;unit&quot;:&quot;px&quot;,&quot;size&quot;:&quot;&quot;,&quot;sizes&quot;:[]},&quot;distance_from_menu&quot;:{&quot;unit&quot;:&quot;px&quot;,&quot;size&quot;:&quot;&quot;,&quot;sizes&quot;:[]},&quot;distance_from_menu_tablet&quot;:{&quot;unit&quot;:&quot;px&quot;,&quot;size&quot;:&quot;&quot;,&quot;sizes&quot;:[]},&quot;distance_from_menu_mobile&quot;:{&quot;unit&quot;:&quot;px&quot;,&quot;size&quot;:&quot;&quot;,&quot;sizes&quot;:[]},&quot;toggle_size&quot;:{&quot;unit&quot;:&quot;px&quot;,&quot;size&quot;:&quot;&quot;,&quot;sizes&quot;:[]},&quot;toggle_size_tablet&quot;:{&quot;unit&quot;:&quot;px&quot;,&quot;size&quot;:&quot;&quot;,&quot;sizes&quot;:[]},&quot;toggle_size_mobile&quot;:{&quot;unit&quot;:&quot;px&quot;,&quot;size&quot;:&quot;&quot;,&quot;sizes&quot;:[]},&quot;toggle_border_width&quot;:{&quot;unit&quot;:&quot;px&quot;,&quot;size&quot;:&quot;&quot;,&quot;sizes&quot;:[]},&quot;toggle_border_width_tablet&quot;:{&quot;unit&quot;:&quot;px&quot;,&quot;size&quot;:&quot;&quot;,&quot;sizes&quot;:[]},&quot;toggle_border_width_mobile&quot;:{&quot;unit&quot;:&quot;px&quot;,&quot;size&quot;:&quot;&quot;,&quot;sizes&quot;:[]},&quot;toggle_border_radius&quot;:{&quot;unit&quot;:&quot;px&quot;,&quot;size&quot;:&quot;&quot;,&quot;sizes&quot;:[]},&quot;toggle_border_radius_tablet&quot;:{&quot;unit&quot;:&quot;px&quot;,&quot;size&quot;:&quot;&quot;,&quot;sizes&quot;:[]},&quot;toggle_border_radius_mobile&quot;:{&quot;unit&quot;:&quot;px&quot;,&quot;size&quot;:&quot;&quot;,&quot;sizes&quot;:[]}}\" data-widget_type=\"navigation-menu.default\">\n\t\t\t\t<div class=\"elementor-widget-container\">\n\t\t\t\t\t\t<div class=\"hfe-nav-menu hfe-layout-expandible hfe-nav-menu-layout expandible\" data-layout=\"expandible\">\n\t\t\t\t<div class=\"hfe-nav-menu__toggle elementor-clickable\">\n\t\t\t\t\t<div class=\"hfe-nav-menu-icon\">\n\t\t\t\t\t\t<i aria-hidden=\"true\" tabindex=\"0\" class=\"fas fa-align-justify\"><\/i>\t\t\t\t\t<\/div>\n\t\t\t\t<\/div>\n\t\t\t\t<nav class=\"hfe-dropdown-expandible hfe-nav-menu__layout-expandible hfe-nav-menu__submenu-arrow\" data-toggle-icon=\"&lt;i aria-hidden=&quot;true&quot; tabindex=&quot;0&quot; class=&quot;fas fa-align-justify&quot;&gt;&lt;\/i&gt;\" data-close-icon=\"&lt;i aria-hidden=&quot;true&quot; tabindex=&quot;0&quot; class=&quot;far fa-window-close&quot;&gt;&lt;\/i&gt;\" data-full-width=\"yes\"><ul id=\"menu-1-7483e1eb\" class=\"hfe-nav-menu\"><li id=\"menu-item-418\" class=\"menu-item menu-item-type-post_type menu-item-object-page menu-item-home parent hfe-creative-menu\"><a href=\"https:\/\/www.brahmakumaris.org.br\/deus\/\" class = \"hfe-menu-item\">Abertura<\/a><\/li>\n<li id=\"menu-item-1882\" class=\"menu-item menu-item-type-post_type menu-item-object-page parent hfe-creative-menu\"><a href=\"https:\/\/www.brahmakumaris.org.br\/deus\/introducao\/\" class = \"hfe-menu-item\">Introdu\u00e7\u00e3o<\/a><\/li>\n<li id=\"menu-item-445\" class=\"menu-item menu-item-type-post_type menu-item-object-page parent hfe-creative-menu\"><a href=\"https:\/\/www.brahmakumaris.org.br\/deus\/as-qualidades-de-deus\/\" class = \"hfe-menu-item\">As Qualidades de Deus<\/a><\/li>\n<li id=\"menu-item-1614\" class=\"menu-item menu-item-type-post_type menu-item-object-page parent hfe-creative-menu\"><a href=\"https:\/\/www.brahmakumaris.org.br\/deus\/faces-de-deus\/\" class = \"hfe-menu-item\">As Faces de Deus<\/a><\/li>\n<li id=\"menu-item-1625\" class=\"menu-item menu-item-type-post_type menu-item-object-page parent hfe-creative-menu\"><a href=\"https:\/\/www.brahmakumaris.org.br\/deus\/experiencias\/\" class = \"hfe-menu-item\">Experi\u00eancias Pessoais<\/a><\/li>\n<li id=\"menu-item-1622\" class=\"menu-item menu-item-type-post_type menu-item-object-page parent hfe-creative-menu\"><a href=\"https:\/\/www.brahmakumaris.org.br\/deus\/meditacoes\/\" class = \"hfe-menu-item\">Medita\u00e7\u00f5es<\/a><\/li>\n<li id=\"menu-item-1879\" class=\"menu-item menu-item-type-post_type menu-item-object-page parent hfe-creative-menu\"><a href=\"https:\/\/www.brahmakumaris.org.br\/deus\/creditos\/\" class = \"hfe-menu-item\">Cr\u00e9ditos<\/a><\/li>\n<\/ul><\/nav>              \n\t\t\t<\/div>\n\t\t\t\t\t<\/div>\n\t\t\t\t<\/div>\n\t\t\t\t\t<\/div>\n\t\t<\/div>\n\t\t\t\t\t\t\t<\/div>\n\t\t<\/header>\n\t\t\t\t<section class=\"elementor-section elementor-top-section elementor-element elementor-element-fa1a48f elementor-section-full_width elementor-section-height-default elementor-section-height-default\" data-id=\"fa1a48f\" data-element_type=\"section\" data-settings=\"{&quot;_ha_eqh_enable&quot;:false}\">\n\t\t\t\t\t\t<div class=\"elementor-container elementor-column-gap-default\">\n\t\t\t\t\t<div class=\"elementor-column elementor-col-100 elementor-top-column elementor-element elementor-element-e181eed\" data-id=\"e181eed\" data-element_type=\"column\">\n\t\t\t<div class=\"elementor-widget-wrap elementor-element-populated\">\n\t\t\t\t\t\t\t\t<div class=\"elementor-element elementor-element-6538014 elementor-widget elementor-widget-heading\" data-id=\"6538014\" data-element_type=\"widget\" data-widget_type=\"heading.default\">\n\t\t\t\t<div class=\"elementor-widget-container\">\n\t\t\t<h1 class=\"elementor-heading-title elementor-size-default\">Deus<\/h1>\t\t<\/div>\n\t\t\t\t<\/div>\n\t\t\t\t<div class=\"elementor-element elementor-element-e41af89 elementor-widget elementor-widget-text-editor\" data-id=\"e41af89\" data-element_type=\"widget\" data-widget_type=\"text-editor.default\">\n\t\t\t\t<div class=\"elementor-widget-container\">\n\t\t\t\t\t\t\t<p>Na perspectiva do Raja Yoga<\/p>\t\t\t\t\t\t<\/div>\n\t\t\t\t<\/div>\n\t\t\t\t<div class=\"elementor-element elementor-element-6bc8afc8 elementor-widget elementor-widget-text-editor\" data-id=\"6bc8afc8\" data-element_type=\"widget\" data-widget_type=\"text-editor.default\">\n\t\t\t\t<div class=\"elementor-widget-container\">\n\t\t\t\t\t\t\t<p>Ao longo da hist\u00f3ria, em todos os cantos do mundo e em todas as l\u00ednguas, n\u00e3o h\u00e1 ningu\u00e9m que tenha sido mais lembrado e invocado do que o Ser Supremo.<\/p>\n<p>E possivelmente, nunca antes estivemos t\u00e3o necessitados da experi\u00eancia espiritual \u2013 aquela que nos d\u00e1 for\u00e7a interna e nos preenche de paz e amor verdadeiro.<\/p>\n<p>Talvez por isso, cada vez mais pessoas se sentam diariamente para focar suas mentes, receber as vibra\u00e7\u00f5es divinas e espalh\u00e1-las pelo mundo. Essa pr\u00e1tica \u00e9 chamada de Raja Yoga, ou yoga espiritual. \u00c9 atrav\u00e9s desse encontro sutil que criamos um relacionamento de proximidade com o Divino, e aprendemos a conhecer suas qualidades e atividades.<\/p>\n<p>Essa apresenta\u00e7\u00e3o traz um pouco da nossa jornada, e tenta mostrar algumas faces daquele que \u00e9 lembrado como a Luz Viva e a Fonte de amor e conhecimento.<\/p>\t\t\t\t\t\t<\/div>\n\t\t\t\t<\/div>\n\t\t\t\t\t<\/div>\n\t\t<\/div>\n\t\t\t\t\t\t\t<\/div>\n\t\t<\/section>\n\t\t\t\t<section class=\"elementor-section elementor-top-section elementor-element elementor-element-3a9b2e37 elementor-section-full_width elementor-section-height-default elementor-section-height-default\" data-id=\"3a9b2e37\" data-element_type=\"section\" data-settings=\"{&quot;_ha_eqh_enable&quot;:false}\">\n\t\t\t\t\t\t<div class=\"elementor-container elementor-column-gap-default\">\n\t\t\t\t\t<div class=\"elementor-column elementor-col-100 elementor-top-column elementor-element elementor-element-4eeb1718\" data-id=\"4eeb1718\" data-element_type=\"column\">\n\t\t\t<div class=\"elementor-widget-wrap elementor-element-populated\">\n\t\t\t\t\t\t\t\t<div class=\"elementor-element elementor-element-7123b32f elementor-widget elementor-widget-text-editor\" data-id=\"7123b32f\" data-element_type=\"widget\" data-widget_type=\"text-editor.default\">\n\t\t\t\t<div class=\"elementor-widget-container\">\n\t\t\t\t\t\t\t<p>\u00a9 2022 Brahma Kumaris<\/p>\t\t\t\t\t\t<\/div>\n\t\t\t\t<\/div>\n\t\t\t\t\t<\/div>\n\t\t<\/div>\n\t\t\t\t\t\t\t<\/div>\n\t\t<\/section>\n\t\t\t\t\t\t<\/div>\n\t\t\t\t\t<\/div>\n\t\t","protected":false},"excerpt":{"rendered":"<p>Abertura Introdu\u00e7\u00e3o As Qualidades de Deus As Faces de Deus Medita\u00e7\u00f5es Experi\u00eancias Cr\u00e9ditos Deus Na perspectiva do Raja Yoga Ao longo da hist\u00f3ria, em todos os cantos do mundo e em todas as l\u00ednguas, n\u00e3o h\u00e1 ningu\u00e9m que tenha sido mais lembrado e invocado do que o Ser Supremo. E possivelmente, nunca antes estivemos t\u00e3o [&hellip;]<\/p>\n","protected":false},"author":1,"featured_media":0,"parent":0,"menu_order":1,"comment_status":"closed","ping_status":"closed","template":"","meta":[],"_links":{"self":[{"href":"https:\/\/www.brahmakumaris.org.br\/deus\/wp-json\/wp\/v2\/pages\/1881"}],"collection":[{"href":"https:\/\/www.brahmakumaris.org.br\/deus\/wp-json\/wp\/v2\/pages"}],"about":[{"href":"https:\/\/www.brahmakumaris.org.br\/deus\/wp-json\/wp\/v2\/types\/page"}],"author":[{"embeddable":true,"href":"https:\/\/www.brahmakumaris.org.br\/deus\/wp-json\/wp\/v2\/users\/1"}],"replies":[{"embeddable":true,"href":"https:\/\/www.brahmakumaris.org.br\/deus\/wp-json\/wp\/v2\/comments?post=1881"}],"version-history":[{"count":26,"href":"https:\/\/www.brahmakumaris.org.br\/deus\/wp-json\/wp\/v2\/pages\/1881\/revisions"}],"predecessor-version":[{"id":1947,"href":"https:\/\/www.brahmakumaris.org.br\/deus\/wp-json\/wp\/v2\/pages\/1881\/revisions\/1947"}],"wp:attachment":[{"href":"https:\/\/www.brahmakumaris.org.br\/deus\/wp-json\/wp\/v2\/media?parent=1881"}],"curies":[{"name":"wp","href":"https:\/\/api.w.org\/{rel}","templated":true}]}}